{"id":20,"date":"2018-01-22T16:30:08","date_gmt":"2018-01-22T16:30:08","guid":{"rendered":"http:\/\/asoc.hi-iberia.es\/?page_id=20"},"modified":"2019-06-14T07:12:35","modified_gmt":"2019-06-14T07:12:35","slug":"que-ofrece","status":"publish","type":"page","link":"https:\/\/asoc.hi-iberia.es\/index.php\/que-ofrece\/","title":{"rendered":"\u00bfQU\u00c9 OFRECE?"},"content":{"rendered":"<p>ASOC se centra principalmente en el caso de asistencia social a domicilio, pero sus funcionalidades son extrapolables a intervenciones sociales en otros \u00e1mbitos (atenci\u00f3n ciudadana, casos de violencia de g\u00e9nero\u2026)<\/p>\n<p>ASOC para <strong>organizaciones p\u00fablicas y privadas<\/strong> que prestan asistencia social y sanitaria a domicilio:<\/p>\n<ul>\n<li>Proporciona apoyo y protecci\u00f3n a los trabajadores sociales y profesionales que se desplazan a los domicilios de las personas asistidas, con cierta incertidumbre acerca de qu\u00e9 encontrar\u00e1n all\u00ed y que habitualmente tienen que hacer frente por ellos mismos a situaciones muy variadas y complejas sin ning\u00fan tipo de respaldo o soporte<\/li>\n<li>Mejora la calidad de los servicios que los trabajadores sociales prestan y, de esta forma, mejorando la imagen de la organizaci\u00f3n a la que pertenecen.<\/li>\n<\/ul>\n<p>ASOC para <strong>trabajadores sociales<\/strong>:<\/p>\n<ul>\n<li>Aporta seguridad y confianza durante las sesiones pues sabe que si necesita ayuda, ASOC genera autom\u00e1ticamente una alerta que se notifica al centro de control<\/li>\n<li>Ayuda a entenderse con pacientes extranjeros gracias a las funciones de traducci\u00f3n de idioma que aporta la plataforma ASOC<\/li>\n<li>Permite acceder a la informaci\u00f3n digitalizada del paciente tanto de sesiones anteriores como del an\u00e1lisis de audios realizados tras las intervenciones<\/li>\n<li>Acceso a tutoriales y gu\u00edas de apoyo ante situaciones inesperadas durante una consulta<\/li>\n<\/ul>\n<p>ASOC para las <strong>personas asistidas\/bajo atenci\u00f3n domiciliaria: <\/strong><\/p>\n<ul>\n<li>Aporta una atenci\u00f3n m\u00e1s personalizada y de calidad, ya que el asistente tiene acceso a toda su informaci\u00f3n y a los resultados de sesiones pasadas que puede consultar en cualquier momento en su dispositivo m\u00f3vil.<\/li>\n<li>Garantiza la atenci\u00f3n domiciliaria independientemente del idioma, ya que ASOC ayuda a eliminar las barreras ling\u00fc\u00edsticas.<\/li>\n<\/ul>\n<p><\/p>","protected":false},"excerpt":{"rendered":"<p>ASOC se centra principalmente en el caso de asistencia social a domicilio, pero sus funcionalidades son extrapolables a intervenciones sociales en otros \u00e1mbitos (atenci\u00f3n ciudadana, casos de violencia de g\u00e9nero\u2026) ASOC para organizaciones p\u00fablicas y privadas que prestan asistencia social y sanitaria a domicilio: Proporciona apoyo y protecci\u00f3n a los trabajadores sociales y profesionales que <a class=\"read-more\" href=\"https:\/\/asoc.hi-iberia.es\/index.php\/que-ofrece\/\">Read More<\/a><\/p>\n","protected":false},"author":1,"featured_media":0,"parent":0,"menu_order":0,"comment_status":"closed","ping_status":"closed","template":"","meta":{"footnotes":""},"class_list":["post-20","page","type-page","status-publish","hentry"],"_links":{"self":[{"href":"https:\/\/asoc.hi-iberia.es\/index.php\/wp-json\/wp\/v2\/pages\/20","targetHints":{"allow":["GET"]}}],"collection":[{"href":"https:\/\/asoc.hi-iberia.es\/index.php\/wp-json\/wp\/v2\/pages"}],"about":[{"href":"https:\/\/asoc.hi-iberia.es\/index.php\/wp-json\/wp\/v2\/types\/page"}],"author":[{"embeddable":true,"href":"https:\/\/asoc.hi-iberia.es\/index.php\/wp-json\/wp\/v2\/users\/1"}],"replies":[{"embeddable":true,"href":"https:\/\/asoc.hi-iberia.es\/index.php\/wp-json\/wp\/v2\/comments?post=20"}],"version-history":[{"count":3,"href":"https:\/\/asoc.hi-iberia.es\/index.php\/wp-json\/wp\/v2\/pages\/20\/revisions"}],"predecessor-version":[{"id":100,"href":"https:\/\/asoc.hi-iberia.es\/index.php\/wp-json\/wp\/v2\/pages\/20\/revisions\/100"}],"wp:attachment":[{"href":"https:\/\/asoc.hi-iberia.es\/index.php\/wp-json\/wp\/v2\/media?parent=20"}],"curies":[{"name":"wp","href":"https:\/\/api.w.org\/{rel}","templated":true}]}}