{"id":2,"date":"2018-01-22T10:04:43","date_gmt":"2018-01-22T10:04:43","guid":{"rendered":"http:\/\/asoc.hi-iberia.es\/?page_id=2"},"modified":"2019-06-14T06:49:08","modified_gmt":"2019-06-14T06:49:08","slug":"sample-page","status":"publish","type":"page","link":"https:\/\/asoc.hi-iberia.es\/","title":{"rendered":"Inicio"},"content":{"rendered":"<p>Los asistentes sociales se encuentran con m\u00faltiples obst\u00e1culos en la asistencia domiciliaria que debido a las limitaciones presupuestarias se ha visto desbordada en los \u00faltimos a\u00f1os. Adem\u00e1s nuevos retos aparecen debido a la multiculturalidad, as\u00ed como la existencia de situaciones peligrosas o desconocidas para el asistente.<\/p>\n<p><img loading=\"lazy\" decoding=\"async\" class=\"size-full wp-image-13 aligncenter\" src=\"http:\/\/asoc.hi-iberia.es\/wp-content\/uploads\/2018\/01\/icon.png\" alt=\"\" width=\"245\" height=\"233\" \/><\/p>","protected":false},"excerpt":{"rendered":"<p>Los asistentes sociales se encuentran con m\u00faltiples obst\u00e1culos en la asistencia domiciliaria que debido a las limitaciones presupuestarias se ha visto desbordada en los \u00faltimos a\u00f1os. Adem\u00e1s nuevos retos aparecen debido a la multiculturalidad, as\u00ed como la existencia de situaciones peligrosas o desconocidas para el asistente.<\/p>\n","protected":false},"author":1,"featured_media":0,"parent":0,"menu_order":0,"comment_status":"closed","ping_status":"open","template":"","meta":{"footnotes":""},"class_list":["post-2","page","type-page","status-publish","hentry"],"_links":{"self":[{"href":"https:\/\/asoc.hi-iberia.es\/index.php\/wp-json\/wp\/v2\/pages\/2","targetHints":{"allow":["GET"]}}],"collection":[{"href":"https:\/\/asoc.hi-iberia.es\/index.php\/wp-json\/wp\/v2\/pages"}],"about":[{"href":"https:\/\/asoc.hi-iberia.es\/index.php\/wp-json\/wp\/v2\/types\/page"}],"author":[{"embeddable":true,"href":"https:\/\/asoc.hi-iberia.es\/index.php\/wp-json\/wp\/v2\/users\/1"}],"replies":[{"embeddable":true,"href":"https:\/\/asoc.hi-iberia.es\/index.php\/wp-json\/wp\/v2\/comments?post=2"}],"version-history":[{"count":5,"href":"https:\/\/asoc.hi-iberia.es\/index.php\/wp-json\/wp\/v2\/pages\/2\/revisions"}],"predecessor-version":[{"id":97,"href":"https:\/\/asoc.hi-iberia.es\/index.php\/wp-json\/wp\/v2\/pages\/2\/revisions\/97"}],"wp:attachment":[{"href":"https:\/\/asoc.hi-iberia.es\/index.php\/wp-json\/wp\/v2\/media?parent=2"}],"curies":[{"name":"wp","href":"https:\/\/api.w.org\/{rel}","templated":true}]}}