{"id":18,"date":"2018-01-22T16:27:55","date_gmt":"2018-01-22T16:27:55","guid":{"rendered":"http:\/\/asoc.hi-iberia.es\/?page_id=18"},"modified":"2019-06-14T07:02:03","modified_gmt":"2019-06-14T07:02:03","slug":"que-es","status":"publish","type":"page","link":"https:\/\/asoc.hi-iberia.es\/index.php\/que-es\/","title":{"rendered":"\u00bfQu\u00e9 es?"},"content":{"rendered":"<p>ASOC proporciona una herramienta de apoyo para los asistentes sociales o visitadores a domicilio en forma de aplicaci\u00f3n para dispositivo m\u00f3vil.\u00a0 El objetivo de ASOC es apoyar y complementar la complejidad, variedad y el riesgo de las intervenciones sociales con la que los trabajadores sociales lidian en su d\u00eda a d\u00eda mediante una serie de funcionalidades que cubren tanto su seguridad como les apoyan mediante alertas, acceso a toda la informaci\u00f3n de los asistidos, as\u00ed como informaci\u00f3n de soporte, etc. Adem\u00e1s proporciona un panel de control web al que tendr\u00e1n acceso los servicios centrales para poder realizar un tracking de las actividades realizadas por los trabajadores.<\/p>\n<p><strong><u>Aplicaci\u00f3n ASOC para dispositivos m\u00f3viles<\/u><\/strong> : asiste a los trabajadores sociales en el desarrollo de su labor bajo un marco de seguridad, apoyo y eficiencia.<\/p>\n<ul>\n<li><strong>Seguridad: ASOC <\/strong>permite realizar una transmisi\u00f3n de audio de la intervenci\u00f3n a trav\u00e9s del dispositivo m\u00f3vil del asistente. Este audio es procesado mediante t\u00e9cnicas de an\u00e1lisis de sentimiento basadas en \u201cdeep learning\u201d con vistas a detectar situaciones de estr\u00e9s\/agresividad en el paciente que puedan poner en peligro la integridad f\u00edsica del asistente.<\/li>\n<\/ul>\n<ul>\n<li><strong>Apoyo<\/strong> \u2013ASOC apoya al trabajador social mediante:\n<ul>\n<li>Generaci\u00f3n autom\u00e1tica de <strong>alertas<\/strong> obtenidas de:\n<ul>\n<li>Monitorizaci\u00f3n del estado f\u00edsico del asistente durante la intervenci\u00f3n para detectar autom\u00e1ticamente posibles situaciones de estr\u00e9s (mediante una pulsera de actividad);<\/li>\n<li>Bot\u00f3n de alerta, en el caso de que el asistente detecte una posible situaci\u00f3n de riesgo;<\/li>\n<\/ul>\n<\/li>\n<li><strong>Digitalizaci\u00f3n de la informaci\u00f3n<\/strong> del paciente y los informes de intervenci\u00f3n as\u00ed como acceso a tutoriales y gu\u00edas sobre procedimientos a seguir ante determinadas situaciones que puedan surgir al cuidador;<\/li>\n<li>En caso de pacientes extranjeros, <strong>detecci\u00f3n de idioma<\/strong> mediante t\u00e9cnicas de aprendizaje profundo y funcionalidades de traducci\u00f3n al idioma seleccionado dado que es imposible tener expertos con conocimiento de cada posible idioma.<\/li>\n<\/ul>\n<\/li>\n<li><strong>Eficiencia<\/strong> \u2013 Los datos procedentes de la informaci\u00f3n de los pacientes, de los informes post-intervenci\u00f3n y de los an\u00e1lisis de audio de los pacientes, se procesar\u00e1n a mayores niveles de complejidad con vistas a extraer <strong>patrones<\/strong> como el grado de incidencia de una enfermedad en una determinada localizaci\u00f3n, los lugares en los que se suceden el mayor n\u00famero de situaciones de riesgo, tipo de servicios sociales m\u00e1s demandado, etc.<\/li>\n<\/ul>\n<p><strong><u>Panel de Control Web: <\/u><\/strong>\u00a0servir\u00e1 para el acceso de los servicios centrales al sistema ASOC y les permitir\u00e1:<\/p>\n<ul>\n<li><em>Tracking<\/em> de las actividades del trabajador social &#8211; que permitir\u00e1 dejar registrado en la aplicaci\u00f3n web d\u00f3nde est\u00e1 el trabajador y cu\u00e1nto tiempo pasa en cada visita.<\/li>\n<\/ul>\n<ul>\n<li>Control del nivel de estr\u00e9s del trabajador social \u2013 esto es, el monitoreo del estado f\u00edsico del trabajador social a fin de descubrir s\u00edntomas de estr\u00e9s con la informaci\u00f3n de la pulsera de actividad.<\/li>\n<\/ul>\n<ul>\n<li>Planificaci\u00f3n de visitas para los trabajadores a fin de tener una organizaci\u00f3n y una asignaci\u00f3n entre pacientes-cuidadores.<\/li>\n<\/ul>\n<ul>\n<li>Notificaci\u00f3n de Alertas en situaciones cr\u00edticas bien detectadas por la pulsera de estr\u00e9s o porque el asistente pulse el bot\u00f3n de alarma.<\/li>\n<\/ul>\n<ul>\n<li>Subir tutoriales que puedan resultar de ayuda y apoyo a los trabajadores sociales en el desarrollo de las sesiones con pacientes.<\/li>\n<\/ul>\n<ul>\n<li>Para cada paciente adem\u00e1s se podr\u00e1 subir y consultar su informaci\u00f3n as\u00ed como sesiones previas que se han grabado utilizando la aplicaci\u00f3n ASOC en el tel\u00e9fono del asistente.<\/li>\n<\/ul>\n<p><\/p>","protected":false},"excerpt":{"rendered":"<p>ASOC proporciona una herramienta de apoyo para los asistentes sociales o visitadores a domicilio en forma de aplicaci\u00f3n para dispositivo m\u00f3vil.\u00a0 El objetivo de ASOC es apoyar y complementar la complejidad, variedad y el riesgo de las intervenciones sociales con la que los trabajadores sociales lidian en su d\u00eda a d\u00eda mediante una serie de <a class=\"read-more\" href=\"https:\/\/asoc.hi-iberia.es\/index.php\/que-es\/\">Read More<\/a><\/p>\n","protected":false},"author":1,"featured_media":0,"parent":0,"menu_order":0,"comment_status":"closed","ping_status":"closed","template":"","meta":{"footnotes":""},"class_list":["post-18","page","type-page","status-publish","hentry"],"_links":{"self":[{"href":"https:\/\/asoc.hi-iberia.es\/index.php\/wp-json\/wp\/v2\/pages\/18","targetHints":{"allow":["GET"]}}],"collection":[{"href":"https:\/\/asoc.hi-iberia.es\/index.php\/wp-json\/wp\/v2\/pages"}],"about":[{"href":"https:\/\/asoc.hi-iberia.es\/index.php\/wp-json\/wp\/v2\/types\/page"}],"author":[{"embeddable":true,"href":"https:\/\/asoc.hi-iberia.es\/index.php\/wp-json\/wp\/v2\/users\/1"}],"replies":[{"embeddable":true,"href":"https:\/\/asoc.hi-iberia.es\/index.php\/wp-json\/wp\/v2\/comments?post=18"}],"version-history":[{"count":2,"href":"https:\/\/asoc.hi-iberia.es\/index.php\/wp-json\/wp\/v2\/pages\/18\/revisions"}],"predecessor-version":[{"id":99,"href":"https:\/\/asoc.hi-iberia.es\/index.php\/wp-json\/wp\/v2\/pages\/18\/revisions\/99"}],"wp:attachment":[{"href":"https:\/\/asoc.hi-iberia.es\/index.php\/wp-json\/wp\/v2\/media?parent=18"}],"curies":[{"name":"wp","href":"https:\/\/api.w.org\/{rel}","templated":true}]}}