{"id":116,"date":"2021-05-20T09:04:00","date_gmt":"2021-05-20T09:04:00","guid":{"rendered":"http:\/\/asoc.hi-iberia.es\/?page_id=116"},"modified":"2023-03-29T14:08:50","modified_gmt":"2023-03-29T14:08:50","slug":"contacto","status":"publish","type":"page","link":"https:\/\/asoc.hi-iberia.es\/index.php\/contacto\/","title":{"rendered":"Contacto"},"content":{"rendered":"<p>Si desea m\u00e1s informaci\u00f3n sobre el proyecto, o simplemente darnos su opini\u00f3n, por favor, contactar con:<br><a href=\"mailto:iluengo@hi-iberia.es\">Inmaculada Luengo<\/a>, <strong>Coordinadora del proyecto ASOC<\/strong><\/p>\n\n\n\n<p><\/p>\n\n\n\n<hr class=\"wp-block-separator\"\/>\n\n\n\n<p>HI iberia<br>C\/ Juan Hurtado de Mendoza, 14<br>28016 Madrid (Spain)<\/p>\n\n\n\n<hr class=\"wp-block-separator\"\/>","protected":false},"excerpt":{"rendered":"<p>Si desea m\u00e1s informaci\u00f3n sobre el proyecto, o simplemente darnos su opini\u00f3n, por favor, contactar con:Inmaculada Luengo, Coordinadora del proyecto ASOC HI iberiaC\/ Juan Hurtado de Mendoza, 1428016 Madrid (Spain)<\/p>\n","protected":false},"author":1,"featured_media":0,"parent":0,"menu_order":0,"comment_status":"closed","ping_status":"closed","template":"","meta":{"footnotes":""},"class_list":["post-116","page","type-page","status-publish","hentry"],"_links":{"self":[{"href":"https:\/\/asoc.hi-iberia.es\/index.php\/wp-json\/wp\/v2\/pages\/116","targetHints":{"allow":["GET"]}}],"collection":[{"href":"https:\/\/asoc.hi-iberia.es\/index.php\/wp-json\/wp\/v2\/pages"}],"about":[{"href":"https:\/\/asoc.hi-iberia.es\/index.php\/wp-json\/wp\/v2\/types\/page"}],"author":[{"embeddable":true,"href":"https:\/\/asoc.hi-iberia.es\/index.php\/wp-json\/wp\/v2\/users\/1"}],"replies":[{"embeddable":true,"href":"https:\/\/asoc.hi-iberia.es\/index.php\/wp-json\/wp\/v2\/comments?post=116"}],"version-history":[{"count":12,"href":"https:\/\/asoc.hi-iberia.es\/index.php\/wp-json\/wp\/v2\/pages\/116\/revisions"}],"predecessor-version":[{"id":136,"href":"https:\/\/asoc.hi-iberia.es\/index.php\/wp-json\/wp\/v2\/pages\/116\/revisions\/136"}],"wp:attachment":[{"href":"https:\/\/asoc.hi-iberia.es\/index.php\/wp-json\/wp\/v2\/media?parent=116"}],"curies":[{"name":"wp","href":"https:\/\/api.w.org\/{rel}","templated":true}]}}